{"id":332,"date":"2018-03-19T07:40:46","date_gmt":"2018-03-19T07:40:46","guid":{"rendered":"http:\/\/polaarium.tallinnzoo.ee\/?page_id=332"},"modified":"2018-03-20T14:42:38","modified_gmt":"2018-03-20T14:42:38","slug":"jaakarhumaailma","status":"publish","type":"page","link":"https:\/\/polaarium.tallinnzoo.ee\/fi\/jaakarhumaailma\/","title":{"rendered":"J\u00e4\u00e4karhumaailma"},"content":{"rendered":"<p>Projektin \u201cJ\u00e4\u00e4karhujen uusi koti\u201d k\u00e4ynnistiv\u00e4t Veronika Padar ja Olivia Elise Luggenberg, jotka tapasivat ensimm\u00e4isen kerran kes\u00e4ll\u00e4 2012 j\u00e4\u00e4karhuh\u00e4kin edess\u00e4. Heit\u00e4 molempia huolestuttivat j\u00e4\u00e4karhujen niukat elinolosuhteet el\u00e4intarhassa \u2013 entisist\u00e4 armeijan varastoista rakennetut h\u00e4kit eiv\u00e4t olleet lainkaan sopiva elinymp\u00e4rist\u00f6 j\u00e4\u00e4karhuille. He meniv\u00e4t yhdess\u00e4 el\u00e4intarhan tuonaikaisen johtajan Mati Kaal\u2019in puheille ja kertoivat haluavansa auttaa.<\/p>\n<p>Projektiin kutsuttiin mukaan kaikki suuremmat puhelinoperaattorit, joka avasivat lahjoituslinjat. Ostoskeskuksiin sijoitettiin lahjoituslaatikot, joihin ihmiset saivat laittaa rahaa j\u00e4\u00e4karhujen uuden kodin tueksi. Ker\u00e4ttyjen varojen nojalla valmistui alustava suunnitelma ja pienoismalli.<\/p>\n<p><img class=\"alignright size-full wp-image-90\" src=\"http:\/\/polaarium.tallinnzoo.ee\/wp-content\/uploads\/2017\/10\/maailmast.png\" alt=\"\" width=\"512\" srcset=\"https:\/\/polaarium.tallinnzoo.ee\/wp-content\/uploads\/2017\/10\/maailmast.png 1028w, https:\/\/polaarium.tallinnzoo.ee\/wp-content\/uploads\/2017\/10\/maailmast-174x300.png 174w, https:\/\/polaarium.tallinnzoo.ee\/wp-content\/uploads\/2017\/10\/maailmast-768x1327.png 768w, https:\/\/polaarium.tallinnzoo.ee\/wp-content\/uploads\/2017\/10\/maailmast-593x1024.png 593w\" sizes=\"(max-width: 1028px) 100vw, 1028px\" \/><\/p>\n<p>Tallinnan el\u00e4intarhan yst\u00e4v\u00e4t-seuran (Tallinna Loomaaia S\u00f5prade Selts) ja Haus-taidegallerian j\u00e4rjest\u00e4m\u00e4 kampanja lis\u00e4si vauhtia projektiin. Huutokaupassa myytiin kuvanveist\u00e4j\u00e4 Tauno Kangron tekem\u00e4 j\u00e4\u00e4karhuveistos ja myyntitulot lahjoitettiin j\u00e4\u00e4karhujen uuden kodin rakentamiseen.<\/p>\n<p>Syksyll\u00e4 2015 tuli ilahduttava uutinen \u2013 Tallinnan kaupungin budjetista annettiin 1,28 miljoonaa euroa Polariumin eli j\u00e4\u00e4karhujen kodin rakentamiseksi. Vuonna 2017 kaupunki lis\u00e4si viel\u00e4 1,3 miljoonaa. Hankkeen kokonaishinta on yli 3 miljoonaa euroa. Puuttuva raha ker\u00e4ttiin Tallinnan el\u00e4intarhan yst\u00e4v\u00e4t-seuran ym. vapaaehtoisten avulla.<\/p>\n<p>29. kes\u00e4kuuta 2016 Tallinnan kulttuurivirasto, Tallinnan el\u00e4intarha ja rakennusyhti\u00f6 O\u00dc Astlanda Ehitus allekirjoittivat puitesopimuksen j\u00e4\u00e4karhujen asuinpaikan Polariumin suunnittelusta ja rakentamisesta. Rakennusty\u00f6t aloitettiin syksyll\u00e4 2016 ja j\u00e4\u00e4karhumaailma valmistui v. 2017 syyskuun lopussa.<\/p>\n<p><i>Kiitos kaikille, jotka ovat panostaneet projektiin sek\u00e4 auttaneet neuvolla ja ty\u00f6ll\u00e4.<\/i><\/p>\n<p>Erityiset kiitokset:<\/p>\n<p>Veronika Padar, Mati Kaal, Aini H\u00e4rm<\/p>\n<p>Innopolis Insenerid, MediaMarketing, Telia, Elisa Eesti, Tele2, Tallinna Teletorn, Solaris Keskus, Tallinna Kaubamaja, Stockmann, Coca-Cola HBC, J\u00e4\u00e4aja Keskus, Haus Galerii, Talot, IMG Numeri, Antalis, Kala Ruudus<\/p>\n<p>Tallinnan el\u00e4intarhan yst\u00e4v\u00e4t-seuran vapaaehtoiset<\/p>\n<p>Puhelimitse lahjoittaneet henkil\u00f6t<\/p>\n<p>Lahjoitustilille lahjoittaneet yksityishenkil\u00f6t ja yritykset<\/p>\n<p>&nbsp;<\/p>\n\n\t\t<style type=\"text\/css\">\n\t\t\t#gallery-1 {\n\t\t\t\tmargin: auto;\n\t\t\t}\n\t\t\t#gallery-1 .gallery-item {\n\t\t\t\tfloat: left;\n\t\t\t\tmargin-top: 10px;\n\t\t\t\ttext-align: center;\n\t\t\t\twidth: 33%;\n\t\t\t}\n\t\t\t#gallery-1 img {\n\t\t\t\tborder: 2px solid #cfcfcf;\n\t\t\t}\n\t\t\t#gallery-1 .gallery-caption {\n\t\t\t\tmargin-left: 0;\n\t\t\t}\n\t\t\t\/* see gallery_shortcode() in wp-includes\/media.php *\/\n\t\t<\/style>\n\t\t<div id='gallery-1' class='gallery galleryid-332 gallery-columns-3 gallery-size-medium'><dl class='gallery-item'>\n\t\t\t<dt class='gallery-icon landscape'>\n\t\t\t\t<a href='https:\/\/polaarium.tallinnzoo.ee\/wp-content\/uploads\/2017\/10\/DSC8411.jpg'><img width=\"300\" height=\"200\" src=\"https:\/\/polaarium.tallinnzoo.ee\/wp-content\/uploads\/2017\/10\/DSC8411-300x200.jpg\" class=\"attachment-medium size-medium\" alt=\"Foto: Sven Soome\" loading=\"lazy\" srcset=\"https:\/\/polaarium.tallinnzoo.ee\/wp-content\/uploads\/2017\/10\/DSC8411-300x200.jpg 300w, https:\/\/polaarium.tallinnzoo.ee\/wp-content\/uploads\/2017\/10\/DSC8411-768x513.jpg 768w, https:\/\/polaarium.tallinnzoo.ee\/wp-content\/uploads\/2017\/10\/DSC8411-1024x684.jpg 1024w, https:\/\/polaarium.tallinnzoo.ee\/wp-content\/uploads\/2017\/10\/DSC8411.jpg 2048w\" sizes=\"(max-width: 300px) 100vw, 300px\" \/><\/a>\n\t\t\t<\/dt><\/dl><dl class='gallery-item'>\n\t\t\t<dt class='gallery-icon landscape'>\n\t\t\t\t<a href='https:\/\/polaarium.tallinnzoo.ee\/wp-content\/uploads\/2017\/10\/DJI_0560.jpg'><img width=\"300\" height=\"225\" src=\"https:\/\/polaarium.tallinnzoo.ee\/wp-content\/uploads\/2017\/10\/DJI_0560-300x225.jpg\" class=\"attachment-medium size-medium\" alt=\"Foto: Sven Soome\" loading=\"lazy\" srcset=\"https:\/\/polaarium.tallinnzoo.ee\/wp-content\/uploads\/2017\/10\/DJI_0560-300x225.jpg 300w, https:\/\/polaarium.tallinnzoo.ee\/wp-content\/uploads\/2017\/10\/DJI_0560-768x576.jpg 768w, https:\/\/polaarium.tallinnzoo.ee\/wp-content\/uploads\/2017\/10\/DJI_0560-1024x768.jpg 1024w, https:\/\/polaarium.tallinnzoo.ee\/wp-content\/uploads\/2017\/10\/DJI_0560.jpg 2048w\" sizes=\"(max-width: 300px) 100vw, 300px\" \/><\/a>\n\t\t\t<\/dt><\/dl><dl class='gallery-item'>\n\t\t\t<dt class='gallery-icon landscape'>\n\t\t\t\t<a href='https:\/\/polaarium.tallinnzoo.ee\/wp-content\/uploads\/2017\/10\/DJI_0573.jpg'><img width=\"300\" height=\"225\" src=\"https:\/\/polaarium.tallinnzoo.ee\/wp-content\/uploads\/2017\/10\/DJI_0573-300x225.jpg\" class=\"attachment-medium size-medium\" alt=\"Foto: Sven Soome\" loading=\"lazy\" srcset=\"https:\/\/polaarium.tallinnzoo.ee\/wp-content\/uploads\/2017\/10\/DJI_0573-300x225.jpg 300w, https:\/\/polaarium.tallinnzoo.ee\/wp-content\/uploads\/2017\/10\/DJI_0573-768x576.jpg 768w, https:\/\/polaarium.tallinnzoo.ee\/wp-content\/uploads\/2017\/10\/DJI_0573-1024x768.jpg 1024w, https:\/\/polaarium.tallinnzoo.ee\/wp-content\/uploads\/2017\/10\/DJI_0573.jpg 2048w\" sizes=\"(max-width: 300px) 100vw, 300px\" \/><\/a>\n\t\t\t<\/dt><\/dl><br style=\"clear: both\" \/><dl class='gallery-item'>\n\t\t\t<dt class='gallery-icon landscape'>\n\t\t\t\t<a href='https:\/\/polaarium.tallinnzoo.ee\/wp-content\/uploads\/2017\/10\/DJI_0572.jpg'><img width=\"300\" height=\"225\" src=\"https:\/\/polaarium.tallinnzoo.ee\/wp-content\/uploads\/2017\/10\/DJI_0572-300x225.jpg\" class=\"attachment-medium size-medium\" alt=\"Foto: Sven Soome\" loading=\"lazy\" srcset=\"https:\/\/polaarium.tallinnzoo.ee\/wp-content\/uploads\/2017\/10\/DJI_0572-300x225.jpg 300w, https:\/\/polaarium.tallinnzoo.ee\/wp-content\/uploads\/2017\/10\/DJI_0572-768x576.jpg 768w, https:\/\/polaarium.tallinnzoo.ee\/wp-content\/uploads\/2017\/10\/DJI_0572-1024x768.jpg 1024w, https:\/\/polaarium.tallinnzoo.ee\/wp-content\/uploads\/2017\/10\/DJI_0572.jpg 2048w\" sizes=\"(max-width: 300px) 100vw, 300px\" \/><\/a>\n\t\t\t<\/dt><\/dl><dl class='gallery-item'>\n\t\t\t<dt class='gallery-icon landscape'>\n\t\t\t\t<a href='https:\/\/polaarium.tallinnzoo.ee\/wp-content\/uploads\/2017\/10\/DJI_0567.jpg'><img width=\"300\" height=\"225\" src=\"https:\/\/polaarium.tallinnzoo.ee\/wp-content\/uploads\/2017\/10\/DJI_0567-300x225.jpg\" class=\"attachment-medium size-medium\" alt=\"Foto: Sven Soome\" loading=\"lazy\" srcset=\"https:\/\/polaarium.tallinnzoo.ee\/wp-content\/uploads\/2017\/10\/DJI_0567-300x225.jpg 300w, https:\/\/polaarium.tallinnzoo.ee\/wp-content\/uploads\/2017\/10\/DJI_0567-768x576.jpg 768w, https:\/\/polaarium.tallinnzoo.ee\/wp-content\/uploads\/2017\/10\/DJI_0567-1024x768.jpg 1024w, https:\/\/polaarium.tallinnzoo.ee\/wp-content\/uploads\/2017\/10\/DJI_0567.jpg 2048w\" sizes=\"(max-width: 300px) 100vw, 300px\" \/><\/a>\n\t\t\t<\/dt><\/dl><dl class='gallery-item'>\n\t\t\t<dt class='gallery-icon landscape'>\n\t\t\t\t<a href='https:\/\/polaarium.tallinnzoo.ee\/wp-content\/uploads\/2017\/10\/DJI_0569.jpg'><img width=\"300\" height=\"225\" src=\"https:\/\/polaarium.tallinnzoo.ee\/wp-content\/uploads\/2017\/10\/DJI_0569-300x225.jpg\" class=\"attachment-medium size-medium\" alt=\"Foto: Sven Soome\" loading=\"lazy\" srcset=\"https:\/\/polaarium.tallinnzoo.ee\/wp-content\/uploads\/2017\/10\/DJI_0569-300x225.jpg 300w, https:\/\/polaarium.tallinnzoo.ee\/wp-content\/uploads\/2017\/10\/DJI_0569-768x576.jpg 768w, https:\/\/polaarium.tallinnzoo.ee\/wp-content\/uploads\/2017\/10\/DJI_0569-1024x768.jpg 1024w, https:\/\/polaarium.tallinnzoo.ee\/wp-content\/uploads\/2017\/10\/DJI_0569.jpg 2048w\" sizes=\"(max-width: 300px) 100vw, 300px\" \/><\/a>\n\t\t\t<\/dt><\/dl><br style=\"clear: both\" \/><dl class='gallery-item'>\n\t\t\t<dt class='gallery-icon landscape'>\n\t\t\t\t<a href='https:\/\/polaarium.tallinnzoo.ee\/wp-content\/uploads\/2017\/10\/DJI_0525.jpg'><img width=\"300\" height=\"225\" src=\"https:\/\/polaarium.tallinnzoo.ee\/wp-content\/uploads\/2017\/10\/DJI_0525-300x225.jpg\" class=\"attachment-medium size-medium\" alt=\"Foto: Sven Soome\" loading=\"lazy\" srcset=\"https:\/\/polaarium.tallinnzoo.ee\/wp-content\/uploads\/2017\/10\/DJI_0525-300x225.jpg 300w, https:\/\/polaarium.tallinnzoo.ee\/wp-content\/uploads\/2017\/10\/DJI_0525-768x576.jpg 768w, https:\/\/polaarium.tallinnzoo.ee\/wp-content\/uploads\/2017\/10\/DJI_0525-1024x768.jpg 1024w, https:\/\/polaarium.tallinnzoo.ee\/wp-content\/uploads\/2017\/10\/DJI_0525.jpg 2048w\" sizes=\"(max-width: 300px) 100vw, 300px\" \/><\/a>\n\t\t\t<\/dt><\/dl><dl class='gallery-item'>\n\t\t\t<dt class='gallery-icon landscape'>\n\t\t\t\t<a href='https:\/\/polaarium.tallinnzoo.ee\/wp-content\/uploads\/2017\/10\/DJI_0513.jpg'><img width=\"300\" height=\"225\" src=\"https:\/\/polaarium.tallinnzoo.ee\/wp-content\/uploads\/2017\/10\/DJI_0513-300x225.jpg\" class=\"attachment-medium size-medium\" alt=\"Foto: Sven Soome\" loading=\"lazy\" srcset=\"https:\/\/polaarium.tallinnzoo.ee\/wp-content\/uploads\/2017\/10\/DJI_0513-300x225.jpg 300w, https:\/\/polaarium.tallinnzoo.ee\/wp-content\/uploads\/2017\/10\/DJI_0513-768x576.jpg 768w, https:\/\/polaarium.tallinnzoo.ee\/wp-content\/uploads\/2017\/10\/DJI_0513-1024x768.jpg 1024w, https:\/\/polaarium.tallinnzoo.ee\/wp-content\/uploads\/2017\/10\/DJI_0513.jpg 2048w\" sizes=\"(max-width: 300px) 100vw, 300px\" \/><\/a>\n\t\t\t<\/dt><\/dl><dl class='gallery-item'>\n\t\t\t<dt class='gallery-icon landscape'>\n\t\t\t\t<a href='https:\/\/polaarium.tallinnzoo.ee\/wp-content\/uploads\/2017\/10\/DSC8418.jpg'><img width=\"300\" height=\"200\" src=\"https:\/\/polaarium.tallinnzoo.ee\/wp-content\/uploads\/2017\/10\/DSC8418-300x200.jpg\" class=\"attachment-medium size-medium\" alt=\"Foto: Sven Soome\" loading=\"lazy\" srcset=\"https:\/\/polaarium.tallinnzoo.ee\/wp-content\/uploads\/2017\/10\/DSC8418-300x200.jpg 300w, https:\/\/polaarium.tallinnzoo.ee\/wp-content\/uploads\/2017\/10\/DSC8418-768x513.jpg 768w, https:\/\/polaarium.tallinnzoo.ee\/wp-content\/uploads\/2017\/10\/DSC8418-1024x684.jpg 1024w, https:\/\/polaarium.tallinnzoo.ee\/wp-content\/uploads\/2017\/10\/DSC8418.jpg 2048w\" sizes=\"(max-width: 300px) 100vw, 300px\" \/><\/a>\n\t\t\t<\/dt><\/dl><br style=\"clear: both\" \/><dl class='gallery-item'>\n\t\t\t<dt class='gallery-icon landscape'>\n\t\t\t\t<a href='https:\/\/polaarium.tallinnzoo.ee\/wp-content\/uploads\/2017\/10\/DSC8376.jpg'><img width=\"300\" height=\"200\" src=\"https:\/\/polaarium.tallinnzoo.ee\/wp-content\/uploads\/2017\/10\/DSC8376-300x200.jpg\" class=\"attachment-medium size-medium\" alt=\"Foto: Sven Soome\" loading=\"lazy\" srcset=\"https:\/\/polaarium.tallinnzoo.ee\/wp-content\/uploads\/2017\/10\/DSC8376-300x200.jpg 300w, https:\/\/polaarium.tallinnzoo.ee\/wp-content\/uploads\/2017\/10\/DSC8376-768x513.jpg 768w, https:\/\/polaarium.tallinnzoo.ee\/wp-content\/uploads\/2017\/10\/DSC8376-1024x684.jpg 1024w, https:\/\/polaarium.tallinnzoo.ee\/wp-content\/uploads\/2017\/10\/DSC8376.jpg 2048w\" sizes=\"(max-width: 300px) 100vw, 300px\" \/><\/a>\n\t\t\t<\/dt><\/dl><dl class='gallery-item'>\n\t\t\t<dt class='gallery-icon landscape'>\n\t\t\t\t<a href='https:\/\/polaarium.tallinnzoo.ee\/wp-content\/uploads\/2017\/10\/DSC8398.jpg'><img width=\"300\" height=\"200\" src=\"https:\/\/polaarium.tallinnzoo.ee\/wp-content\/uploads\/2017\/10\/DSC8398-300x200.jpg\" class=\"attachment-medium size-medium\" alt=\"Foto: Sven Soome\" loading=\"lazy\" srcset=\"https:\/\/polaarium.tallinnzoo.ee\/wp-content\/uploads\/2017\/10\/DSC8398-300x200.jpg 300w, https:\/\/polaarium.tallinnzoo.ee\/wp-content\/uploads\/2017\/10\/DSC8398-768x513.jpg 768w, https:\/\/polaarium.tallinnzoo.ee\/wp-content\/uploads\/2017\/10\/DSC8398-1024x684.jpg 1024w, https:\/\/polaarium.tallinnzoo.ee\/wp-content\/uploads\/2017\/10\/DSC8398.jpg 2048w\" sizes=\"(max-width: 300px) 100vw, 300px\" \/><\/a>\n\t\t\t<\/dt><\/dl><dl class='gallery-item'>\n\t\t\t<dt class='gallery-icon landscape'>\n\t\t\t\t<a href='https:\/\/polaarium.tallinnzoo.ee\/wp-content\/uploads\/2017\/10\/DSC8358.jpg'><img width=\"300\" height=\"200\" src=\"https:\/\/polaarium.tallinnzoo.ee\/wp-content\/uploads\/2017\/10\/DSC8358-300x200.jpg\" class=\"attachment-medium size-medium\" alt=\"Foto: Sven Soome\" loading=\"lazy\" srcset=\"https:\/\/polaarium.tallinnzoo.ee\/wp-content\/uploads\/2017\/10\/DSC8358-300x200.jpg 300w, https:\/\/polaarium.tallinnzoo.ee\/wp-content\/uploads\/2017\/10\/DSC8358-768x513.jpg 768w, https:\/\/polaarium.tallinnzoo.ee\/wp-content\/uploads\/2017\/10\/DSC8358-1024x684.jpg 1024w, https:\/\/polaarium.tallinnzoo.ee\/wp-content\/uploads\/2017\/10\/DSC8358.jpg 2048w\" sizes=\"(max-width: 300px) 100vw, 300px\" \/><\/a>\n\t\t\t<\/dt><\/dl><br style=\"clear: both\" \/>\n\t\t<\/div>\n\n","protected":false},"excerpt":{"rendered":"<p>Projektin \u201cJ\u00e4\u00e4karhujen uusi koti\u201d k\u00e4ynnistiv\u00e4t Veronika Padar ja Olivia Elise Luggenberg, jotka tapasivat ensimm\u00e4isen kerran kes\u00e4ll\u00e4 2012 j\u00e4\u00e4karhuh\u00e4kin edess\u00e4. Heit\u00e4 molempia huolestuttivat j\u00e4\u00e4karhujen niukat elinolosuhteet el\u00e4intarhassa \u2013 entisist\u00e4 armeijan varastoista rakennetut h\u00e4kit eiv\u00e4t olleet lainkaan sopiva elinymp\u00e4rist\u00f6 j\u00e4\u00e4karhuille. He meniv\u00e4t yhdess\u00e4 el\u00e4intarhan tuonaikaisen johtajan Mati Kaal\u2019in puheille ja kertoivat haluavansa auttaa. Projektiin kutsuttiin mukaan kaikki [&hellip;]<\/p>\n","protected":false},"author":6,"featured_media":0,"parent":0,"menu_order":0,"comment_status":"closed","ping_status":"closed","template":"page3.php","meta":[],"_links":{"self":[{"href":"https:\/\/polaarium.tallinnzoo.ee\/fi\/wp-json\/wp\/v2\/pages\/332"}],"collection":[{"href":"https:\/\/polaarium.tallinnzoo.ee\/fi\/wp-json\/wp\/v2\/pages"}],"about":[{"href":"https:\/\/polaarium.tallinnzoo.ee\/fi\/wp-json\/wp\/v2\/types\/page"}],"author":[{"embeddable":true,"href":"https:\/\/polaarium.tallinnzoo.ee\/fi\/wp-json\/wp\/v2\/users\/6"}],"replies":[{"embeddable":true,"href":"https:\/\/polaarium.tallinnzoo.ee\/fi\/wp-json\/wp\/v2\/comments?post=332"}],"version-history":[{"count":0,"href":"https:\/\/polaarium.tallinnzoo.ee\/fi\/wp-json\/wp\/v2\/pages\/332\/revisions"}],"wp:attachment":[{"href":"https:\/\/polaarium.tallinnzoo.ee\/fi\/wp-json\/wp\/v2\/media?parent=332"}],"curies":[{"name":"wp","href":"https:\/\/api.w.org\/{rel}","templated":true}]}}