{"id":346,"date":"2018-03-19T08:44:52","date_gmt":"2018-03-19T08:44:52","guid":{"rendered":"http:\/\/polaarium.tallinnzoo.ee\/?page_id=346"},"modified":"2018-03-20T14:31:20","modified_gmt":"2018-03-20T14:31:20","slug":"jaakarhut-tallinnan-elaintarhassa","status":"publish","type":"page","link":"https:\/\/polaarium.tallinnzoo.ee\/fi\/jaakarhut-tallinnan-elaintarhassa\/","title":{"rendered":"J\u00e4\u00e4karhut Tallinnan el\u00e4intarhassa"},"content":{"rendered":"<h3><b>J\u00e4\u00e4karhut Tallinnan el\u00e4intarhassa<\/b><\/h3>\n<p>25. elokuuta 1939 Kadriorg-puiston alueella avattiin Pieni Zoo -niminen el\u00e4intarha, jossa j\u00e4\u00e4karhutkin olivat edustettuina. Ne olivat per\u00e4isin saksalaisen kiert\u00e4vien sirkusten ja el\u00e4intarhojen omistajien Hagenbeckien el\u00e4inkokoelmasta.<\/p>\n<p>Heti toisen maailmansodan j\u00e4lkeen Tallinnan el\u00e4intarhassa j\u00e4\u00e4karhuja ei ollut.<\/p>\n<p><img loading=\"lazy\" class=\"alignleft size-medium wp-image-173\" src=\"http:\/\/polaarium.tallinnzoo.ee\/wp-content\/uploads\/2017\/10\/kara1-259x300.png\" alt=\"J\u00e4\u00e4karu Kara\" width=\"259\" height=\"300\" srcset=\"https:\/\/polaarium.tallinnzoo.ee\/wp-content\/uploads\/2017\/10\/kara1-259x300.png 259w, https:\/\/polaarium.tallinnzoo.ee\/wp-content\/uploads\/2017\/10\/kara1.png 627w\" sizes=\"(max-width: 259px) 100vw, 259px\" \/><\/p>\n<p>Vuonna 1964 Tallinnaan saapuivat luonnosta pyydystetyt j\u00e4\u00e4karhunpennut <b>Kuubi ja Kara<\/b>.<\/p>\n<p>Vuonna 1983 Kuubi ja Kara muuttivat Veskimetsa-alueelle perustettuun uuteen el\u00e4intarhaan.<\/p>\n<p>Kuubi kuoli vuonna 1986, Kara eli t\u00e4\u00e4ll\u00e4 vuoteen 1997, jolloin se kuoli 34-vuotiaana.<\/p>\n<p>Vuonna 1987 Tallinnaan saapui Kazanin el\u00e4intarhassa syntynyt 2,5-vuotias <b>Uaidi<\/b>, jota t\u00e4\u00e4ll\u00e4 ruvettiin kutsumaan nimell\u00e4 <b>Vaida.<\/b><\/p>\n<p>&nbsp;<\/p>\n<p>&nbsp;<\/p>\n<p><img loading=\"lazy\" class=\"alignleft size-medium wp-image-174\" src=\"http:\/\/polaarium.tallinnzoo.ee\/wp-content\/uploads\/2017\/10\/franz-259x300.png\" alt=\"J\u00e4\u00e4karu Franz\" width=\"259\" height=\"300\" srcset=\"https:\/\/polaarium.tallinnzoo.ee\/wp-content\/uploads\/2017\/10\/franz-259x300.png 259w, https:\/\/polaarium.tallinnzoo.ee\/wp-content\/uploads\/2017\/10\/franz.png 627w\" sizes=\"(max-width: 259px) 100vw, 259px\" \/><\/p>\n<p>Vuonna 1988 Tallinnan ja Moskovan el\u00e4intarhat j\u00e4rjestiv\u00e4t yhteisen tutkimusretken Frans Joosefin maalle.\u00a0Graham Bellin saarelta tuotiin el\u00e4intarhaan kaksi j\u00e4\u00e4karhunpentua, jotka saivat nimekseen <b>Franz<\/b> ja <b>Joosep<\/b>.<\/p>\n<p>Joosep kuoli pahanlaatuiseen kasvaimeen vuonna 1991.<\/p>\n<p>Franz ja Vaida saivat nelj\u00e4 poikasta.<\/p>\n<p><b>Jasper<\/b> (1995) vietiin Kaunasin el\u00e4intarhaan,\u00a0<b>Marta<\/b> (1996) ja \u00a0<b>Mart<\/b> (1998) vietiin Kiinaan,\u00a0<b>Friida <\/b>(2002) asuu Tallinnan el\u00e4intarhassa.<\/p>\n<p>2007 hoitaja unohti h\u00e4kin oven auki ja Franz p\u00e4\u00e4si ulos. El\u00e4in tainnutettiin, mutta sen syd\u00e4n ei kest\u00e4nyt nukutusta ja Franz kuoli.<\/p>\n<p>Vuonna 2009 Tallinnaan saapui Sch\u00f6nbrunnin el\u00e4intarhassa syntynyt ja Novosibirskissa asunut 8,5-vuotias <b>Nord.\u00a0<\/b>Aikaahan se vei, mutta Friidasta ja Nordista tuli pari.<\/p>\n<p><img loading=\"lazy\" class=\"size-medium wp-image-172 alignright\" src=\"http:\/\/polaarium.tallinnzoo.ee\/wp-content\/uploads\/2017\/10\/nora-259x300.png\" alt=\"J\u00e4\u00e4karu Nora\" width=\"259\" height=\"300\" srcset=\"https:\/\/polaarium.tallinnzoo.ee\/wp-content\/uploads\/2017\/10\/nora-259x300.png 259w, https:\/\/polaarium.tallinnzoo.ee\/wp-content\/uploads\/2017\/10\/nora.png 745w\" sizes=\"(max-width: 259px) 100vw, 259px\" \/><\/p>\n<p>&nbsp;<\/p>\n<p>Niiden ensimm\u00e4inen j\u00e4lkel\u00e4inen \u2013 <b>Nora<\/b> \u2013 syntyi vuonna 2013.<\/p>\n<p>Vuonna 2014 tehtiin vaikea p\u00e4\u00e4t\u00f6s ja Vaida lopetettiin, koska sen haimasta l\u00f6ydettiin kaksikiloinen kasvain.<\/p>\n<p><img loading=\"lazy\" class=\"alignleft size-medium wp-image-175\" src=\"http:\/\/polaarium.tallinnzoo.ee\/wp-content\/uploads\/2017\/10\/aron-260x300.png\" alt=\"J\u00e4\u00e4karu Aron\" width=\"260\" height=\"300\" srcset=\"https:\/\/polaarium.tallinnzoo.ee\/wp-content\/uploads\/2017\/10\/aron-260x300.png 260w, https:\/\/polaarium.tallinnzoo.ee\/wp-content\/uploads\/2017\/10\/aron.png 734w\" sizes=\"(max-width: 260px) 100vw, 260px\" \/><\/p>\n<p>&nbsp;<\/p>\n<p>&nbsp;<\/p>\n<p>Vuonna 2016 syntyi Friidan ja Nordin poikanen <b>Aron<\/b>.<\/p>\n","protected":false},"excerpt":{"rendered":"<p>J\u00e4\u00e4karhut Tallinnan el\u00e4intarhassa 25. elokuuta 1939 Kadriorg-puiston alueella avattiin Pieni Zoo -niminen el\u00e4intarha, jossa j\u00e4\u00e4karhutkin olivat edustettuina. Ne olivat per\u00e4isin saksalaisen kiert\u00e4vien sirkusten ja el\u00e4intarhojen omistajien Hagenbeckien el\u00e4inkokoelmasta. Heti toisen maailmansodan j\u00e4lkeen Tallinnan el\u00e4intarhassa j\u00e4\u00e4karhuja ei ollut. Vuonna 1964 Tallinnaan saapuivat luonnosta pyydystetyt j\u00e4\u00e4karhunpennut Kuubi ja Kara. Vuonna 1983 Kuubi ja Kara muuttivat Veskimetsa-alueelle perustettuun [&hellip;]<\/p>\n","protected":false},"author":6,"featured_media":0,"parent":0,"menu_order":0,"comment_status":"closed","ping_status":"closed","template":"page4.php","meta":[],"_links":{"self":[{"href":"https:\/\/polaarium.tallinnzoo.ee\/fi\/wp-json\/wp\/v2\/pages\/346"}],"collection":[{"href":"https:\/\/polaarium.tallinnzoo.ee\/fi\/wp-json\/wp\/v2\/pages"}],"about":[{"href":"https:\/\/polaarium.tallinnzoo.ee\/fi\/wp-json\/wp\/v2\/types\/page"}],"author":[{"embeddable":true,"href":"https:\/\/polaarium.tallinnzoo.ee\/fi\/wp-json\/wp\/v2\/users\/6"}],"replies":[{"embeddable":true,"href":"https:\/\/polaarium.tallinnzoo.ee\/fi\/wp-json\/wp\/v2\/comments?post=346"}],"version-history":[{"count":0,"href":"https:\/\/polaarium.tallinnzoo.ee\/fi\/wp-json\/wp\/v2\/pages\/346\/revisions"}],"wp:attachment":[{"href":"https:\/\/polaarium.tallinnzoo.ee\/fi\/wp-json\/wp\/v2\/media?parent=346"}],"curies":[{"name":"wp","href":"https:\/\/api.w.org\/{rel}","templated":true}]}}