{"id":350,"date":"2018-03-19T08:54:59","date_gmt":"2018-03-19T08:54:59","guid":{"rendered":"http:\/\/polaarium.tallinnzoo.ee\/?page_id=350"},"modified":"2018-03-20T14:33:59","modified_gmt":"2018-03-20T14:33:59","slug":"elinymparisto","status":"publish","type":"page","link":"https:\/\/polaarium.tallinnzoo.ee\/fi\/elinymparisto\/","title":{"rendered":"Elinymp\u00e4rist\u00f6"},"content":{"rendered":"<h3><b>J\u00e4\u00e4karhun levinneisyys ja elinymp\u00e4rist\u00f6<\/b><\/h3>\n<p class=\"p1\"><span class=\"s1\"><img loading=\"lazy\" class=\"alignright size-medium wp-image-176\" src=\"http:\/\/polaarium.tallinnzoo.ee\/wp-content\/uploads\/2017\/10\/elukoht-261x300.png\" alt=\"J\u00e4\u00e4karude elupaik\" width=\"261\" height=\"300\" srcset=\"https:\/\/polaarium.tallinnzoo.ee\/wp-content\/uploads\/2017\/10\/elukoht-261x300.png 261w, https:\/\/polaarium.tallinnzoo.ee\/wp-content\/uploads\/2017\/10\/elukoht-768x884.png 768w, https:\/\/polaarium.tallinnzoo.ee\/wp-content\/uploads\/2017\/10\/elukoht.png 775w\" sizes=\"(max-width: 261px) 100vw, 261px\" \/><\/span><\/p>\n<p>J\u00e4\u00e4karhut el\u00e4v\u00e4t pohjoisen pallonpuoliskon arktisilla alueilla, jotka ovat Kanadan, Ven\u00e4j\u00e4n, Norjan, Tanskan (Gr\u00f6nlanti) ja Yhdysvaltain hallinnassa. J\u00e4\u00e4karhuja on yhteens\u00e4 arviolta 22\u00a0000\u201331\u00a0000 yksil\u00f6\u00e4, joista 60\u201380 prosenttia asuu Kanadan pohjoisalueella.<\/p>\n<p class=\"p1\"><span class=\"s1\">\u00a0<\/span><\/p>\n<p>J\u00e4\u00e4karhujen tarkkailu ja tieteellinen tutkiminen on antanut meille paljon t\u00e4rke\u00e4\u00e4 tietoa. Arktisilla alueilla on rekister\u00f6ity yhteens\u00e4 19 j\u00e4\u00e4karhujen osapopulaatiota. Radiol\u00e4hettimien avulla on nyky\u00e4\u00e4n mahdollista seurata j\u00e4\u00e4karhujen vaellusreittej\u00e4, jotka usein ylitt\u00e4v\u00e4t populaation asuinalueen rajat. J\u00e4\u00e4karhut vaeltavat yleens\u00e4 yksin, vain emokarhu kulkee pentujensa kanssa. Ruokaa, parittelukumppania tai sopivia elinolosuhteita etsiess\u00e4 j\u00e4\u00e4karhut voivat kulkea satoja tai jopa tuhansia kilometrej\u00e4 vuodessa. J\u00e4\u00e4karhujen seuranta antaa tietoa siit\u00e4, millaisia elintapojen muutoksia ja mukautumisia aiheuttaa ilmaston l\u00e4mpeneminen, muuttuvat j\u00e4\u00e4olosuhteet ja ruokavalio.<\/p>\n<p>J\u00e4\u00e4karhut tekev\u00e4t kausiluonteisia vaelluksia ja niiden kulkureitit ovat pitk\u00e4lti vakiintuneita. My\u00f6s elinpaikan valinta on kausiluonteinen eli j\u00e4\u00e4karhu pysyy tietyn kauden tietyll\u00e4 alueella. Vuoden kuluessa k\u00e4ytetyt elinpaikat ja vaellusreitit muodostavat el\u00e4imen ns. kotialueen. Toisin sanoen, j\u00e4\u00e4karhut harrastavat \u201dpendel\u00f6inti\u00e4\u201d. J\u00e4\u00e4karhujen koti- ja kulkualueen koko vaihtelee suuresti yksil\u00f6itt\u00e4in, riippuen konkreettisen el\u00e4imen saalistustavoista sek\u00e4 elinalueesta ja siell\u00e4 vallitsevista j\u00e4\u00e4olosuhteista. Joidenkin karhujen kulkualue saattaa olla jopa yli 500\u00a0000 km<sup>2<\/sup>, kun taas muut yksil\u00f6t selviytyv\u00e4t hyvin vain muutaman tuhannen neli\u00f6kilometrin alueella. J\u00e4\u00e4karhun tavanomainen kotialue on kooltaan 100\u2013200 tuhatta neli\u00f6kilometri\u00e4. Vertailuksi voi muistuttaa, ett\u00e4 Viro on pinta-alaltaan 45\u00a0215 km<sup>2<\/sup> ja Suomi 338\u00a0424 km\u00b2. J\u00e4\u00e4karhun vuosittaisen vaellusreitin pituus voi olla jopa yli 6000 km. Niill\u00e4 yksil\u00f6ill\u00e4, jotka asustelevat suurilla j\u00e4\u00e4kentill\u00e4, jossa j\u00e4\u00e4n liikkeet ovat suurempia, on yleens\u00e4 suurempi kotialue kuin niill\u00e4, jotka asuvat p\u00e4\u00e4asiassa rannikkoalueilla, lahdissa ja salmissa.<\/p>\n<p class=\"p5\"><span class=\"s1\"><img loading=\"lazy\" class=\"alignleft size-medium wp-image-177\" src=\"http:\/\/polaarium.tallinnzoo.ee\/wp-content\/uploads\/2017\/10\/elukoht2-260x300.png\" alt=\"J\u00e4\u00e4karu elupaik\" width=\"260\" height=\"300\" srcset=\"https:\/\/polaarium.tallinnzoo.ee\/wp-content\/uploads\/2017\/10\/elukoht2-260x300.png 260w, https:\/\/polaarium.tallinnzoo.ee\/wp-content\/uploads\/2017\/10\/elukoht2.png 763w\" sizes=\"(max-width: 260px) 100vw, 260px\" \/><\/span><\/p>\n<p>J\u00e4\u00e4karhun tieteellinen nimi <i>Ursus maritimus<\/i> tarkoittaa kirjaimellisesti meren karhua. T\u00e4m\u00e4 kuninkaallinen el\u00e4in on tietenkin vaikuttanut my\u00f6s ihmisiin, heid\u00e4n uskomuksiin ja perinteeseen. Eri kansat ovat kutsuneet j\u00e4\u00e4karhua eri nimill\u00e4: valkoisen meren hirvi, hylkeiden kauhu, j\u00e4\u00e4vuorten ratsastaja, valaiden hukka, j\u00e4\u00e4lautan matruusi. Saamelaiset ovat k\u00e4ytt\u00e4neet j\u00e4\u00e4karhusta nimi\u00e4 jumalan koira tai vanha mies turkissa. Entisaikoina j\u00e4\u00e4karhua kunnioitettiin siin\u00e4 m\u00e4\u00e4rin, ettei sit\u00e4 saanut kutsua oikealla nimell\u00e4. Eskimolaiset inuitit kutsuivat j\u00e4\u00e4karhua nimell\u00e4 Nanook. Siperian heimot taas ovat k\u00e4ytt\u00e4neet siit\u00e4 nimi\u00e4 Gyp tai Orqoi, mik\u00e4 tarkoittaa isois\u00e4\u00e4 ja is\u00e4puolta. Se on merkki kunnioituksesta ja pelosta. 19. vuosisadan valaanpyyt\u00e4j\u00e4t kutsuivat j\u00e4\u00e4karhua sen hitaan ja k\u00f6mpel\u00f6n k\u00e4velyn vuoksi talonpojaksi. Ven\u00e4l\u00e4iset kutsuvat j\u00e4\u00e4karhua valkoiseksi karhuksi.<\/p>\n<p class=\"p5\"><span class=\"s1\">\u00a0<\/span><\/p>\n<p>J\u00e4\u00e4karhujen k\u00e4ytt\u00e4ytymisess\u00e4 ja keskin\u00e4isess\u00e4 kommunikoinnissa on viel\u00e4 paljon tutkimisen varaa. Aikuiset j\u00e4\u00e4karhut ovat hyvin varovaisia ja luonteeltaan yksinel\u00e4ji\u00e4. Ne v\u00e4ltt\u00e4v\u00e4t kohtaamisia ja voivat olla aggressiivisia toisiaan kohtaan, mutta niit\u00e4 on n\u00e4hty my\u00f6s leikkim\u00e4ss\u00e4 kesken\u00e4\u00e4n. J\u00e4\u00e4karhun \u201cviestint\u00e4v\u00e4lineet\u201d ovat kehonkieli, \u00e4\u00e4net ja hajumerkit.<\/p>\n","protected":false},"excerpt":{"rendered":"<p>J\u00e4\u00e4karhun levinneisyys ja elinymp\u00e4rist\u00f6 J\u00e4\u00e4karhut el\u00e4v\u00e4t pohjoisen pallonpuoliskon arktisilla alueilla, jotka ovat Kanadan, Ven\u00e4j\u00e4n, Norjan, Tanskan (Gr\u00f6nlanti) ja Yhdysvaltain hallinnassa. J\u00e4\u00e4karhuja on yhteens\u00e4 arviolta 22\u00a0000\u201331\u00a0000 yksil\u00f6\u00e4, joista 60\u201380 prosenttia asuu Kanadan pohjoisalueella. \u00a0 J\u00e4\u00e4karhujen tarkkailu ja tieteellinen tutkiminen on antanut meille paljon t\u00e4rke\u00e4\u00e4 tietoa. Arktisilla alueilla on rekister\u00f6ity yhteens\u00e4 19 j\u00e4\u00e4karhujen osapopulaatiota. Radiol\u00e4hettimien avulla on [&hellip;]<\/p>\n","protected":false},"author":6,"featured_media":0,"parent":0,"menu_order":0,"comment_status":"closed","ping_status":"closed","template":"page4.php","meta":[],"_links":{"self":[{"href":"https:\/\/polaarium.tallinnzoo.ee\/fi\/wp-json\/wp\/v2\/pages\/350"}],"collection":[{"href":"https:\/\/polaarium.tallinnzoo.ee\/fi\/wp-json\/wp\/v2\/pages"}],"about":[{"href":"https:\/\/polaarium.tallinnzoo.ee\/fi\/wp-json\/wp\/v2\/types\/page"}],"author":[{"embeddable":true,"href":"https:\/\/polaarium.tallinnzoo.ee\/fi\/wp-json\/wp\/v2\/users\/6"}],"replies":[{"embeddable":true,"href":"https:\/\/polaarium.tallinnzoo.ee\/fi\/wp-json\/wp\/v2\/comments?post=350"}],"version-history":[{"count":0,"href":"https:\/\/polaarium.tallinnzoo.ee\/fi\/wp-json\/wp\/v2\/pages\/350\/revisions"}],"wp:attachment":[{"href":"https:\/\/polaarium.tallinnzoo.ee\/fi\/wp-json\/wp\/v2\/media?parent=350"}],"curies":[{"name":"wp","href":"https:\/\/api.w.org\/{rel}","templated":true}]}}