{"id":354,"date":"2018-03-19T09:06:06","date_gmt":"2018-03-19T09:06:06","guid":{"rendered":"http:\/\/polaarium.tallinnzoo.ee\/?page_id=354"},"modified":"2018-03-20T14:37:19","modified_gmt":"2018-03-20T14:37:19","slug":"jaakarhun-ravinto","status":"publish","type":"page","link":"https:\/\/polaarium.tallinnzoo.ee\/fi\/jaakarhun-ravinto\/","title":{"rendered":"J\u00e4\u00e4karhun ravinto"},"content":{"rendered":"<h3><b>J\u00e4\u00e4karhun ravinto<\/b><\/h3>\n<p>J\u00e4\u00e4karhun ruokavalio on luonnollisesti per\u00e4isin my\u00f6s merest\u00e4.<\/p>\n<p class=\"p1\"><span class=\"s1\"><img loading=\"lazy\" class=\"alignleft wp-image-170 size-thumbnail\" src=\"http:\/\/polaarium.tallinnzoo.ee\/wp-content\/uploads\/2017\/10\/viiger-150x150.png\" alt=\"Viigerh\u00fcljes\" width=\"150\" height=\"150\" \/><\/span><\/p>\n<p>Norppa (<i>Pusa hispida<\/i>) on j\u00e4\u00e4karhujen yleisin saalisel\u00e4in. T\u00e4m\u00e4 laji on laajalti levinnyt koko arktisella alueella. Norppa on kooltaan sopiva \u201cruoka-annos\u201d kaikenik\u00e4isille j\u00e4\u00e4karhuille.<\/p>\n<p class=\"p1\"><span class=\"s1\">\u00a0<\/span><\/p>\n<p>&nbsp;<\/p>\n<p>&nbsp;<\/p>\n<p>&nbsp;<\/p>\n<p class=\"p1\"><span class=\"s1\"><img loading=\"lazy\" class=\"alignleft wp-image-168 size-thumbnail\" src=\"http:\/\/polaarium.tallinnzoo.ee\/wp-content\/uploads\/2017\/10\/habe-150x150.png\" alt=\"habehuljes\" width=\"150\" height=\"150\" \/><\/span><\/p>\n<p>Toinen t\u00e4rke\u00e4 saalisel\u00e4in on partahylje (<i>Erignathus barbatus<\/i>), jota pystyv\u00e4t saalistamaan yleens\u00e4 vain isommat urokset.<\/p>\n<p class=\"p1\"><span class=\"s1\">\u00a0<\/span><\/p>\n<p>&nbsp;<\/p>\n<p>&nbsp;<\/p>\n<p>&nbsp;<\/p>\n<p><img loading=\"lazy\" class=\"size-thumbnail wp-image-171 alignleft\" src=\"http:\/\/polaarium.tallinnzoo.ee\/wp-content\/uploads\/2017\/10\/grooni-150x150.png\" alt=\"Gr\u00f6\u00f6ni h\u00fcljes\" width=\"150\" height=\"150\" \/><\/p>\n<p>Gr\u00f6nlanninhylje (<i>Pagophilus groenlandicus<\/i>) on arktisen alueen lukuisin hyljelaji, joka el\u00e4\u00e4 p\u00e4\u00e4s\u00e4\u00e4nt\u00f6isesti kelluvan ajoj\u00e4\u00e4n p\u00e4\u00e4ll\u00e4. Pesim\u00e4aikana ne kokoontuvat isoihin laumoihin, ollessaan siten helppo saalis j\u00e4\u00e4karhunpennuille.<\/p>\n<p>&nbsp;<\/p>\n<p>&nbsp;<\/p>\n<p>&nbsp;<\/p>\n<p class=\"p1\"><span class=\"s1\"><img loading=\"lazy\" class=\"size-thumbnail wp-image-169 alignleft\" src=\"http:\/\/polaarium.tallinnzoo.ee\/wp-content\/uploads\/2017\/10\/morsk-150x150.png\" alt=\"morsk\" width=\"150\" height=\"150\" \/><\/span><\/p>\n<p>Arktisilla alueilla el\u00e4v\u00e4t j\u00e4ttil\u00e4iskokoiset mursut (<i>Odobenus rosmarus<\/i>) olisivat my\u00f6s j\u00e4\u00e4karhujen herkkuja, mutta niiden saalistaminen on eritt\u00e4in vaarallista. Valaat joutuvat j\u00e4\u00e4karhujen ruoaksi harvoin ja yleens\u00e4 vain silloin, kun ne ovat joutuneet ansaan j\u00e4\u00e4lohkareiden v\u00e4liin.<\/p>\n<p class=\"p1\"><span class=\"s1\">\u00a0<\/span><\/p>\n","protected":false},"excerpt":{"rendered":"<p>J\u00e4\u00e4karhun ravinto J\u00e4\u00e4karhun ruokavalio on luonnollisesti per\u00e4isin my\u00f6s merest\u00e4. Norppa (Pusa hispida) on j\u00e4\u00e4karhujen yleisin saalisel\u00e4in. T\u00e4m\u00e4 laji on laajalti levinnyt koko arktisella alueella. Norppa on kooltaan sopiva \u201cruoka-annos\u201d kaikenik\u00e4isille j\u00e4\u00e4karhuille. \u00a0 &nbsp; &nbsp; &nbsp; Toinen t\u00e4rke\u00e4 saalisel\u00e4in on partahylje (Erignathus barbatus), jota pystyv\u00e4t saalistamaan yleens\u00e4 vain isommat urokset. \u00a0 &nbsp; &nbsp; &nbsp; Gr\u00f6nlanninhylje (Pagophilus [&hellip;]<\/p>\n","protected":false},"author":6,"featured_media":0,"parent":0,"menu_order":0,"comment_status":"closed","ping_status":"closed","template":"page4.php","meta":[],"_links":{"self":[{"href":"https:\/\/polaarium.tallinnzoo.ee\/fi\/wp-json\/wp\/v2\/pages\/354"}],"collection":[{"href":"https:\/\/polaarium.tallinnzoo.ee\/fi\/wp-json\/wp\/v2\/pages"}],"about":[{"href":"https:\/\/polaarium.tallinnzoo.ee\/fi\/wp-json\/wp\/v2\/types\/page"}],"author":[{"embeddable":true,"href":"https:\/\/polaarium.tallinnzoo.ee\/fi\/wp-json\/wp\/v2\/users\/6"}],"replies":[{"embeddable":true,"href":"https:\/\/polaarium.tallinnzoo.ee\/fi\/wp-json\/wp\/v2\/comments?post=354"}],"version-history":[{"count":0,"href":"https:\/\/polaarium.tallinnzoo.ee\/fi\/wp-json\/wp\/v2\/pages\/354\/revisions"}],"wp:attachment":[{"href":"https:\/\/polaarium.tallinnzoo.ee\/fi\/wp-json\/wp\/v2\/media?parent=354"}],"curies":[{"name":"wp","href":"https:\/\/api.w.org\/{rel}","templated":true}]}}