{"id":359,"date":"2018-03-19T09:31:38","date_gmt":"2018-03-19T09:31:38","guid":{"rendered":"http:\/\/polaarium.tallinnzoo.ee\/?page_id=359"},"modified":"2018-03-20T14:38:57","modified_gmt":"2018-03-20T14:38:57","slug":"miten-jaakarhu-on-sopeutunut-arktiseen-elamaan","status":"publish","type":"page","link":"https:\/\/polaarium.tallinnzoo.ee\/fi\/miten-jaakarhu-on-sopeutunut-arktiseen-elamaan\/","title":{"rendered":"Miten j\u00e4\u00e4karhu on sopeutunut arktiseen el\u00e4m\u00e4\u00e4n?"},"content":{"rendered":"<h3 class=\"p1\"><span class=\"s1\"><img loading=\"lazy\" class=\"alignright size-medium wp-image-178\" src=\"http:\/\/polaarium.tallinnzoo.ee\/wp-content\/uploads\/2017\/10\/kohastumine-260x300.png\" alt=\"J\u00e4\u00e4karu kohastumine\" width=\"260\" height=\"300\" srcset=\"https:\/\/polaarium.tallinnzoo.ee\/wp-content\/uploads\/2017\/10\/kohastumine-260x300.png 260w, https:\/\/polaarium.tallinnzoo.ee\/wp-content\/uploads\/2017\/10\/kohastumine.png 763w\" sizes=\"(max-width: 260px) 100vw, 260px\" \/><\/span><\/h3>\n<h3>J\u00e4\u00e4karhu selviytyy hyvin arktisessa ymp\u00e4rist\u00f6ss\u00e4:<\/h3>\n<ul class=\"ul1\">\n<li>Sen turkki on paksu ja tihe\u00e4, muodostuen alus- ja p\u00e4\u00e4llyskarvasta. Paksun rasvakerroksen kanssa se antaa hyv\u00e4n suojan kylmyytt\u00e4 vastaan.<\/li>\n<li>Turkki on vett\u00e4hylkiv\u00e4, joten uinnin j\u00e4lkeen se t\u00e4ytyy vain ravistaa kuivaksi.<\/li>\n<li>J\u00e4\u00e4karhun nahka on musta ja imee hyvin l\u00e4mp\u00f6\u00e4.<\/li>\n<li>Karvat ovat putkilomaisia; ne heijastavat ja imev\u00e4t auringonvaloa sek\u00e4 taittavat sen kirkkaanvalkoiseksi.<\/li>\n<li>Jopa 11 cm:n paksuinen rasvakerros on hyv\u00e4 energiavaranto sek\u00e4 helpottaa uintia.<\/li>\n<li>J\u00e4\u00e4karhun etujalat ovat vahvoja ja toimivat uidessa airoina.<\/li>\n<li>Takajalat taas antavat vauhtia ja toimivat per\u00e4simen\u00e4.<\/li>\n<li>Jalkapohjat ovat karvaiset ja niiss\u00e4 on paksuja mustia ihoalueita, joiden teht\u00e4v\u00e4n\u00e4 on antaa kitkaa liukkaalla j\u00e4\u00e4ll\u00e4 sek\u00e4 pit\u00e4\u00e4 l\u00e4mp\u00f6\u00e4.<\/li>\n<li>Etutassujen varpaiden v\u00e4leiss\u00e4 on ns. uimanahat, jotka helpottavat uintia.<\/li>\n<li>J\u00e4\u00e4karhulla on n. 5 cm:n pituiset vahvat kynnet, joilla voi hajottaa j\u00e4\u00e4t\u00e4, napata saalista ja kaivaa luolaa.<\/li>\n<li>Suuri mahalaukku mahduttaa ja pystyy sulattamaan kerralla paljon rasvaista ravintoa.<\/li>\n<li>J\u00e4\u00e4karhu el\u00e4\u00e4 energiaa s\u00e4\u00e4st\u00e4en \u2013 esimerkiksi liikkuu hitaasti, noin 4 kilometri\u00e4 tunnissa.<\/li>\n<li>Pitk\u00e4 kaula ja kuono l\u00e4mmitt\u00e4v\u00e4t hengitysilman ennen keuhkoihin p\u00e4\u00e4sy\u00e4.<\/li>\n<li>Pienet korvat v\u00e4hent\u00e4v\u00e4t l\u00e4mp\u00f6h\u00e4vi\u00f6t\u00e4.<\/li>\n<li>Silm\u00e4t on peitetty kalvolla, joka suojaa niit\u00e4 auringonvalolta.<\/li>\n<li>J\u00e4\u00e4karhu pystyy yht\u00e4jaksoisesti sukeltamaan jopa kolme minuuttia, jolloin sieraimet sulkeutuvat.<\/li>\n<\/ul>\n","protected":false},"excerpt":{"rendered":"<p>J\u00e4\u00e4karhu selviytyy hyvin arktisessa ymp\u00e4rist\u00f6ss\u00e4: Sen turkki on paksu ja tihe\u00e4, muodostuen alus- ja p\u00e4\u00e4llyskarvasta. Paksun rasvakerroksen kanssa se antaa hyv\u00e4n suojan kylmyytt\u00e4 vastaan. Turkki on vett\u00e4hylkiv\u00e4, joten uinnin j\u00e4lkeen se t\u00e4ytyy vain ravistaa kuivaksi. J\u00e4\u00e4karhun nahka on musta ja imee hyvin l\u00e4mp\u00f6\u00e4. Karvat ovat putkilomaisia; ne heijastavat ja imev\u00e4t auringonvaloa sek\u00e4 taittavat sen kirkkaanvalkoiseksi. [&hellip;]<\/p>\n","protected":false},"author":6,"featured_media":0,"parent":0,"menu_order":0,"comment_status":"closed","ping_status":"closed","template":"page4.php","meta":[],"_links":{"self":[{"href":"https:\/\/polaarium.tallinnzoo.ee\/fi\/wp-json\/wp\/v2\/pages\/359"}],"collection":[{"href":"https:\/\/polaarium.tallinnzoo.ee\/fi\/wp-json\/wp\/v2\/pages"}],"about":[{"href":"https:\/\/polaarium.tallinnzoo.ee\/fi\/wp-json\/wp\/v2\/types\/page"}],"author":[{"embeddable":true,"href":"https:\/\/polaarium.tallinnzoo.ee\/fi\/wp-json\/wp\/v2\/users\/6"}],"replies":[{"embeddable":true,"href":"https:\/\/polaarium.tallinnzoo.ee\/fi\/wp-json\/wp\/v2\/comments?post=359"}],"version-history":[{"count":0,"href":"https:\/\/polaarium.tallinnzoo.ee\/fi\/wp-json\/wp\/v2\/pages\/359\/revisions"}],"wp:attachment":[{"href":"https:\/\/polaarium.tallinnzoo.ee\/fi\/wp-json\/wp\/v2\/media?parent=359"}],"curies":[{"name":"wp","href":"https:\/\/api.w.org\/{rel}","templated":true}]}}