{"id":363,"date":"2018-03-19T09:37:50","date_gmt":"2018-03-19T09:37:50","guid":{"rendered":"http:\/\/polaarium.tallinnzoo.ee\/?page_id=363"},"modified":"2018-03-20T14:40:33","modified_gmt":"2018-03-20T14:40:33","slug":"lisaantyminen","status":"publish","type":"page","link":"https:\/\/polaarium.tallinnzoo.ee\/fi\/lisaantyminen\/","title":{"rendered":"Lis\u00e4\u00e4ntyminen"},"content":{"rendered":"<h3><b>J\u00e4\u00e4karhujen lis\u00e4\u00e4ntyminen<\/b><\/h3>\n<p class=\"p1\"><span class=\"s1\"><img loading=\"lazy\" class=\"alignright size-medium wp-image-199\" src=\"http:\/\/polaarium.tallinnzoo.ee\/wp-content\/uploads\/2017\/10\/sigimine-1-261x300.png\" alt=\"J\u00e4\u00e4karude sigimine\" width=\"261\" height=\"300\" srcset=\"https:\/\/polaarium.tallinnzoo.ee\/wp-content\/uploads\/2017\/10\/sigimine-1-261x300.png 261w, https:\/\/polaarium.tallinnzoo.ee\/wp-content\/uploads\/2017\/10\/sigimine-1.png 429w\" sizes=\"(max-width: 261px) 100vw, 261px\" \/><\/span><\/p>\n<p>J\u00e4\u00e4karhut tulevat sukukypsiksi 3\u20135 -vuotiaina. Parittelu tapahtuu huhti-kes\u00e4kuussa. Kun j\u00e4\u00e4 alkaa sulaa ja p\u00e4iv\u00e4t pitenev\u00e4t, urokset alkavat etsi\u00e4 parittelukumppania, joka usein tarkoittaa pitki\u00e4 matkoja. Koska j\u00e4\u00e4karhut ovat yksinel\u00e4ji\u00e4, pari pysyy koossa vain noin viikon, sen j\u00e4lkeen uros l\u00e4htee tiehens\u00e4, etsim\u00e4\u00e4n ruokaa tai uutta kumppania.<\/p>\n<p class=\"p1\"><span class=\"s1\">\u00a0<\/span><\/p>\n<p>Tiineen\u00e4 oleva naaras rakentaa loka-marraskuussa itselleen pes\u00e4n. Vahvoilla etuk\u00e4p\u00e4lill\u00e4\u00e4n se kaivaa lumeen ns. synnytysluolan, jonka suu j\u00e4\u00e4 yleens\u00e4 etel\u00e4n suuntaan. Luolaan johtaa tunneli, jonka p\u00e4\u00e4ss\u00e4 on yksi tai kaksi kammiota. Talvehtimaan j\u00e4\u00e4dess\u00e4\u00e4n naaras sulkee luolansuun, mutta j\u00e4tt\u00e4\u00e4 kattoon tuuletusaukon, jotta luolassa olisi tarpeeksi happea. Luolassa on ulko-olosuhteisiin verrattuna l\u00e4mmint\u00e4 ja turvallista. Niukkalumisessa paikassa luolan voi rakentaa my\u00f6s maahan.<\/p>\n<p>Naaraan tiineys kest\u00e4\u00e4 195\u2013265 p\u00e4iv\u00e4\u00e4.<\/p>\n<p>Pennut, yleens\u00e4 kaksi kappaletta, syntyv\u00e4t joulukuun paikkeilla ja pysyttelev\u00e4t emonsa kanssa pes\u00e4ss\u00e4 kev\u00e4\u00e4seen asti. Naarasj\u00e4\u00e4karhu voi elinaikanaan saada enint\u00e4\u00e4n viisi pentuetta, joten t\u00e4m\u00e4n lajin syntyvyys on nis\u00e4kk\u00e4iden seassa yksi pienimmist\u00e4.<\/p>\n<p>Vastasyntyneet pennut ovat 30\u201336 cm:n pituisia ja painavat enint\u00e4\u00e4n puoli kilogrammaa. Ne ovat syntyess\u00e4\u00e4n l\u00e4hes karvattomia, silm\u00e4t ja korvat suljettuina. Niiden nahka on aluksi vaaleanpunainen, mutta kasvaessaan se muuttuu mustaksi. Emon runsaan ja rasvaisen maidon ansiosta karhunpennut kasvavat nopeasti<\/p>\n<p>Kev\u00e4\u00e4n saapuessa j\u00e4\u00e4karhunpennut ovat riitt\u00e4v\u00e4n vahvoja tullakseen emonsa kanssa ulos luolasta. Sen j\u00e4lkeen luola hyl\u00e4t\u00e4\u00e4n \u2013 karhuperhe ei palaa en\u00e4\u00e4 siihen. Monta kuukautta paastonnut emokarhu on k\u00e4ytt\u00e4nyt kaikki rasvavarantonsa poikasia imett\u00e4ess\u00e4\u00e4n ja nyt on aika menn\u00e4 pentujen kanssa hylkeit\u00e4 saalistamaan.<\/p>\n<p>Pes\u00e4st\u00e4 poistumisen j\u00e4lkeenkin pennut pysyv\u00e4t koko ajan emon l\u00e4hell\u00e4 \u2013 alkaa oppimisen aika. Pennut el\u00e4v\u00e4t emonsa seurassa n. 2,5-vuotiaiksi asti, jolloin emo opettaa niille kaikki itsen\u00e4iseen el\u00e4m\u00e4\u00e4n tarvittavat taidot. Pari-kolmevuotiaat poikaset ovat jo tarpeeksi kokeneita aikuisel\u00e4m\u00e4n aloittamiseen.<\/p>\n","protected":false},"excerpt":{"rendered":"<p>J\u00e4\u00e4karhujen lis\u00e4\u00e4ntyminen J\u00e4\u00e4karhut tulevat sukukypsiksi 3\u20135 -vuotiaina. Parittelu tapahtuu huhti-kes\u00e4kuussa. Kun j\u00e4\u00e4 alkaa sulaa ja p\u00e4iv\u00e4t pitenev\u00e4t, urokset alkavat etsi\u00e4 parittelukumppania, joka usein tarkoittaa pitki\u00e4 matkoja. Koska j\u00e4\u00e4karhut ovat yksinel\u00e4ji\u00e4, pari pysyy koossa vain noin viikon, sen j\u00e4lkeen uros l\u00e4htee tiehens\u00e4, etsim\u00e4\u00e4n ruokaa tai uutta kumppania. \u00a0 Tiineen\u00e4 oleva naaras rakentaa loka-marraskuussa itselleen pes\u00e4n. Vahvoilla [&hellip;]<\/p>\n","protected":false},"author":6,"featured_media":0,"parent":0,"menu_order":0,"comment_status":"closed","ping_status":"closed","template":"page4.php","meta":[],"_links":{"self":[{"href":"https:\/\/polaarium.tallinnzoo.ee\/fi\/wp-json\/wp\/v2\/pages\/363"}],"collection":[{"href":"https:\/\/polaarium.tallinnzoo.ee\/fi\/wp-json\/wp\/v2\/pages"}],"about":[{"href":"https:\/\/polaarium.tallinnzoo.ee\/fi\/wp-json\/wp\/v2\/types\/page"}],"author":[{"embeddable":true,"href":"https:\/\/polaarium.tallinnzoo.ee\/fi\/wp-json\/wp\/v2\/users\/6"}],"replies":[{"embeddable":true,"href":"https:\/\/polaarium.tallinnzoo.ee\/fi\/wp-json\/wp\/v2\/comments?post=363"}],"version-history":[{"count":0,"href":"https:\/\/polaarium.tallinnzoo.ee\/fi\/wp-json\/wp\/v2\/pages\/363\/revisions"}],"wp:attachment":[{"href":"https:\/\/polaarium.tallinnzoo.ee\/fi\/wp-json\/wp\/v2\/media?parent=363"}],"curies":[{"name":"wp","href":"https:\/\/api.w.org\/{rel}","templated":true}]}}