{"id":373,"date":"2018-03-20T07:29:06","date_gmt":"2018-03-20T07:29:06","guid":{"rendered":"http:\/\/polaarium.tallinnzoo.ee\/?page_id=373"},"modified":"2018-03-20T14:50:57","modified_gmt":"2018-03-20T14:50:57","slug":"testaa-tietojasi-jaakarhuista","status":"publish","type":"page","link":"https:\/\/polaarium.tallinnzoo.ee\/fi\/testaa-tietojasi-jaakarhuista\/","title":{"rendered":"Testaa tietojasi j\u00e4\u00e4karhuista"},"content":{"rendered":"<style type=\"text\/css\">.mlw_qmn_quiz label {\r\n\t\t\t\tdisplay: inline;\r\n\t\t\t}\r\n\t\t\t.ui-tooltip\r\n\t\t\t{\r\n\t\t\t\tmax-width: 500px !important;\r\n\t\t\t}\r\n\t\t\t.ui-tooltip-content\r\n\t\t\t{\r\n\t\t\t\tmax-width: 500px !important;\r\n\t\t\t}\r\n\t\t\t.qmn_error, .qmn_page_error_message\r\n\t\t\t{\r\n\t\t\t\tcolor: red;\r\n\t\t\t}\r\n\t\t\t.mlw_qmn_hint_link\r\n\t\t\t{\r\n\t\t\ttext-decoration:underline;\r\n\t\t\tcolor:rgb(0,0,255);\r\n\t\t\t}\r\n\t\t\t.mlw_qmn_quiz_link\r\n\t\t\t{\r\n\t\t\t\tdisplay: inline;\r\n\t\t\t\tvertical-align:top !important;\r\n\t\t\t\ttext-decoration: none;\r\n\t\t\t}\r\n\t\t\tdiv.mlw_qmn_quiz input[type=radio],\r\n\t\t\tdiv.mlw_qmn_quiz input[type=submit],\r\n\t\t\tdiv.mlw_qmn_quiz label {\r\n\t\t\t\tcursor: pointer;\r\n\t\t\t}\r\n\t\t\tdiv.mlw_qmn_quiz input:not([type=submit]):focus,\r\n\t\t\tdiv.mlw_qmn_quiz textarea:focus {\r\n\t\t\t\tbackground: #eaeaea;\r\n\t\t\t}\r\n\t\t\tdiv.mlw_qmn_quiz {\r\n\t\t\t\ttext-align: left;\r\n\t\t\t}\r\n\t\t\tdiv.quiz_section {\r\n\r\n\t\t\t}\r\n\t\t\t.mlw_horizontal_choice\r\n\t\t\t{\r\n\t\t\t\tmargin-right: 20px;\r\n\t\t\t}\r\n\t\t\tdiv.mlw_qmn_timer {\r\n\t\t\t\tposition:fixed;\r\n\t\t\t\ttop:200px;\r\n\t\t\t\tright:0px;\r\n\t\t\t\twidth:130px;\r\n\t\t\t\tcolor:#00CCFF;\r\n\t\t\t\tborder-radius: 15px;\r\n\t\t\t\tbackground:#000000;\r\n\t\t\t\ttext-align: center;\r\n\t\t\t\tpadding: 15px 15px 15px 15px\r\n\t\t\t}\r\n\t\t\t\r\n\t\t\t.mlw_qmn_question, .mlw_qmn_question_number, .mlw_qmn_comment_section_text\r\n\t\t\t{\r\n\t\t\t\tfont-weight: bold;\r\n\t\t\t}\r\n\t\t\t.mlw_next\r\n\t\t\t{\r\n\t\t\t\tfloat: right;\r\n\t\t\t}\r\n\t\t\t.mlw_previous\r\n\t\t\t{\r\n\t\t\t\tfloat: left;\r\n\t\t\t}\r\n\t\t\t.mlw_qmn_question_comment, .mlw_answer_open_text, .qmn_comment_section {\r\n\t\t\t\twidth: 100%;\r\n\t\t\t\tborder-radius: 7px;\r\n\t\t\t\tpadding: 2px 10px;\r\n\t\t\t\t-webkit-box-shadow: inset 0 3px 3px rgba(0,0,0,.075);\r\n\t\t\t\tbox-shadow: inset 0 3px 3px rgba(0,0,0,.075);\r\n\t\t\t\tborder: 1px solid #ccc;\r\n\t\t\t}\r\n\t\t<\/style><div class='qsm-quiz-container qmn_quiz_container mlw_qmn_quiz  quiz_theme_default  '><form name=\"quizForm8\" id=\"quizForm8\" action=\"\/fi\/wp-json\/wp\/v2\/pages\/373\" method=\"POST\" class=\"qsm-quiz-form qmn_quiz_form mlw_quiz_form\" novalidate enctype=\"multipart\/form-data\">\n\t\t\t\t<input type=\"hidden\" name=\"qsm_hidden_questions\" id=\"qsm_hidden_questions\" value=\"\">\n\t\t\t\t<div id=\"mlw_error_message\" class=\"qsm-error-message qmn_error_message_section\"><\/div>\n\t\t\t\t<span id=\"mlw_top_of_quiz\"><\/span><div class=\"quiz_section qsm-question-wrapper  question-section-id-69 slide0 \">                        <span class='mlw_qmn_question_number'>1<\/span>\n                    \t<div class='mlw_qmn_question ' >\n\t\t<b><\/b><b>Paljonko j\u00e4\u00e4karhun poikanen painaa syntyess\u00e4\u00e4n?<\/b>\t<\/div>\n\t <div class='qmn_radio_answers mlwRequiredRadio'>  <div class=\"qmn_mc_answer_wrap \" id=\"question69-3,6-kg \">  <input type='radio' class='qmn_quiz_radio' name=\"question69\" id=\"question69_1\" value=\"3,6 kg\" \/>  <label for=\"question69_1\"> 3,6 kg <\/label>   <\/div>  <div class=\"qmn_mc_answer_wrap \" id=\"question69-0,5-kg \">  <input type='radio' class='qmn_quiz_radio' name=\"question69\" id=\"question69_2\" value=\"0,5 kg\" \/>  <label for=\"question69_2\"> 0,5 kg <\/label>   <\/div>  <div class=\"qmn_mc_answer_wrap \" id=\"question69-10-kg \">  <input type='radio' class='qmn_quiz_radio' name=\"question69\" id=\"question69_3\" value=\"10 kg\" \/>  <label for=\"question69_3\"> 10 kg <\/label>   <\/div>  <input type=\"radio\" style=\"display: none;\" name=\"question69\" id=\"question69_none\" checked=\"checked\" value=\"\" \/>  <\/div> <\/div><!-- .quiz_section --><div class=\"quiz_section qsm-question-wrapper  question-section-id-70 slide1 \">                        <span class='mlw_qmn_question_number'>2<\/span>\n                    \t<div class='mlw_qmn_question ' >\n\t\t<b><\/b><b>Mink\u00e4 v\u00e4rinen on j\u00e4\u00e4karhun nahka?<\/b>\t<\/div>\n\t <div class='qmn_radio_answers mlwRequiredRadio'>  <div class=\"qmn_mc_answer_wrap \" id=\"question70-Vaaleanpunainen \">  <input type='radio' class='qmn_quiz_radio' name=\"question70\" id=\"question70_1\" value=\"Vaaleanpunainen\" \/>  <label for=\"question70_1\"> Vaaleanpunainen <\/label>   <\/div>  <div class=\"qmn_mc_answer_wrap \" id=\"question70-Sininen \">  <input type='radio' class='qmn_quiz_radio' name=\"question70\" id=\"question70_2\" value=\"Sininen\" \/>  <label for=\"question70_2\"> Sininen <\/label>   <\/div>  <div class=\"qmn_mc_answer_wrap \" id=\"question70-Musta \">  <input type='radio' class='qmn_quiz_radio' name=\"question70\" id=\"question70_3\" value=\"Musta\" \/>  <label for=\"question70_3\"> Musta <\/label>   <\/div>  <input type=\"radio\" style=\"display: none;\" name=\"question70\" id=\"question70_none\" checked=\"checked\" value=\"\" \/>  <\/div> <\/div><!-- .quiz_section --><div class=\"quiz_section qsm-question-wrapper  question-section-id-71 slide2 \">                        <span class='mlw_qmn_question_number'>3<\/span>\n                    \t<div class='mlw_qmn_question ' >\n\t\t<b><\/b><b>Kuinka suuri on j\u00e4\u00e4karhun tassun halkaisija?<\/b>\t<\/div>\n\t <div class='qmn_radio_answers mlwRequiredRadio'>  <div class=\"qmn_mc_answer_wrap \" id=\"question71-10-cm \">  <input type='radio' class='qmn_quiz_radio' name=\"question71\" id=\"question71_1\" value=\"10 cm\" \/>  <label for=\"question71_1\"> 10 cm <\/label>   <\/div>  <div class=\"qmn_mc_answer_wrap \" id=\"question71-Alle-30-cm \">  <input type='radio' class='qmn_quiz_radio' name=\"question71\" id=\"question71_2\" value=\"Alle 30 cm\" \/>  <label for=\"question71_2\"> Alle 30 cm <\/label>   <\/div>  <div class=\"qmn_mc_answer_wrap \" id=\"question71-Yli-50-cm \">  <input type='radio' class='qmn_quiz_radio' name=\"question71\" id=\"question71_3\" value=\"Yli 50 cm\" \/>  <label for=\"question71_3\"> Yli 50 cm <\/label>   <\/div>  <input type=\"radio\" style=\"display: none;\" name=\"question71\" id=\"question71_none\" checked=\"checked\" value=\"\" \/>  <\/div> <\/div><!-- .quiz_section --><div class=\"quiz_section qsm-question-wrapper  question-section-id-72 slide3 \">                        <span class='mlw_qmn_question_number'>4<\/span>\n                    \t<div class='mlw_qmn_question ' >\n\t\t<b><\/b><b>Mik\u00e4 on j\u00e4\u00e4karhun lempiruoka?<\/b>\t<\/div>\n\t <div class='qmn_radio_answers mlwRequiredRadio'>  <div class=\"qmn_mc_answer_wrap \" id=\"question72-Pingviini \">  <input type='radio' class='qmn_quiz_radio' name=\"question72\" id=\"question72_1\" value=\"Pingviini\" \/>  <label for=\"question72_1\"> Pingviini <\/label>   <\/div>  <div class=\"qmn_mc_answer_wrap \" id=\"question72-Hylje \">  <input type='radio' class='qmn_quiz_radio' name=\"question72\" id=\"question72_2\" value=\"Hylje\" \/>  <label for=\"question72_2\"> Hylje <\/label>   <\/div>  <div class=\"qmn_mc_answer_wrap \" id=\"question72-Ihminen \">  <input type='radio' class='qmn_quiz_radio' name=\"question72\" id=\"question72_3\" value=\"Ihminen\" \/>  <label for=\"question72_3\"> Ihminen <\/label>   <\/div>  <input type=\"radio\" style=\"display: none;\" name=\"question72\" id=\"question72_none\" checked=\"checked\" value=\"\" \/>  <\/div> <\/div><!-- .quiz_section --><div class=\"quiz_section qsm-question-wrapper  question-section-id-73 slide4 \">                        <span class='mlw_qmn_question_number'>5<\/span>\n                    \t<div class='mlw_qmn_question ' >\n\t\t<b>Mik\u00e4 on j\u00e4\u00e4karhun latinankielinen nimi?<\/b>\t<\/div>\n\t <div class='qmn_radio_answers mlwRequiredRadio'>  <div class=\"qmn_mc_answer_wrap \" id=\"question73-Ursus-maritimus \">  <input type='radio' class='qmn_quiz_radio' name=\"question73\" id=\"question73_1\" value=\"Ursus maritimus\" \/>  <label for=\"question73_1\"> Ursus maritimus <\/label>   <\/div>  <div class=\"qmn_mc_answer_wrap \" id=\"question73-Ursus-ursus \">  <input type='radio' class='qmn_quiz_radio' name=\"question73\" id=\"question73_2\" value=\"Ursus ursus\" \/>  <label for=\"question73_2\"> Ursus ursus <\/label>   <\/div>  <div class=\"qmn_mc_answer_wrap \" id=\"question73-Ursus-arctos \">  <input type='radio' class='qmn_quiz_radio' name=\"question73\" id=\"question73_3\" value=\"Ursus arctos\" \/>  <label for=\"question73_3\"> Ursus arctos <\/label>   <\/div>  <input type=\"radio\" style=\"display: none;\" name=\"question73\" id=\"question73_none\" checked=\"checked\" value=\"\" \/>  <\/div> <\/div><!-- .quiz_section --><div class=\"quiz_section qsm-question-wrapper  question-section-id-74 slide5 \">                        <span class='mlw_qmn_question_number'>6<\/span>\n                    \t<div class='mlw_qmn_question ' >\n\t\t<b><\/b><b>Mik\u00e4 on j\u00e4\u00e4karhujen uintityyli?<\/b>\t<\/div>\n\t <div class='qmn_radio_answers mlwRequiredRadio'>  <div class=\"qmn_mc_answer_wrap \" id=\"question74-Karhu-uinti \">  <input type='radio' class='qmn_quiz_radio' name=\"question74\" id=\"question74_1\" value=\"Karhu-uinti\" \/>  <label for=\"question74_1\"> Karhu-uinti <\/label>   <\/div>  <div class=\"qmn_mc_answer_wrap \" id=\"question74-Perhosuinti \">  <input type='radio' class='qmn_quiz_radio' name=\"question74\" id=\"question74_2\" value=\"Perhosuinti\" \/>  <label for=\"question74_2\"> Perhosuinti <\/label>   <\/div>  <div class=\"qmn_mc_answer_wrap \" id=\"question74-Koirauinti \">  <input type='radio' class='qmn_quiz_radio' name=\"question74\" id=\"question74_3\" value=\"Koirauinti\" \/>  <label for=\"question74_3\"> Koirauinti <\/label>   <\/div>  <input type=\"radio\" style=\"display: none;\" name=\"question74\" id=\"question74_none\" checked=\"checked\" value=\"\" \/>  <\/div> <\/div><!-- .quiz_section --><div class=\"quiz_section qsm-question-wrapper  question-section-id-75 slide6 \">                        <span class='mlw_qmn_question_number'>7<\/span>\n                    \t<div class='mlw_qmn_question ' >\n\t\t<b>Kuinka suuri on j\u00e4\u00e4karhujen kotialue eli alue, jossa ne el\u00e4v\u00e4t ja kulkevat vuoden kuluessa?<\/b>\t<\/div>\n\t <div class='qmn_radio_answers mlwRequiredRadio'>  <div class=\"qmn_mc_answer_wrap \" id=\"question75-50\u00a0000-km2 \">  <input type='radio' class='qmn_quiz_radio' name=\"question75\" id=\"question75_1\" value=\"50\u00a0000 km2\" \/>  <label for=\"question75_1\"> 50\u00a0000 km2 <\/label>   <\/div>  <div class=\"qmn_mc_answer_wrap \" id=\"question75-100\u00a0000\u2013200\u00a0000-km2 \">  <input type='radio' class='qmn_quiz_radio' name=\"question75\" id=\"question75_2\" value=\"100\u00a0000\u2013200\u00a0000 km2\" \/>  <label for=\"question75_2\"> 100\u00a0000\u2013200\u00a0000 km2 <\/label>   <\/div>  <div class=\"qmn_mc_answer_wrap \" id=\"question75-yli-500\u00a0000-km2 \">  <input type='radio' class='qmn_quiz_radio' name=\"question75\" id=\"question75_3\" value=\"yli 500\u00a0000 km2\" \/>  <label for=\"question75_3\"> yli 500\u00a0000 km2 <\/label>   <\/div>  <input type=\"radio\" style=\"display: none;\" name=\"question75\" id=\"question75_none\" checked=\"checked\" value=\"\" \/>  <\/div> <\/div><!-- .quiz_section --><div class=\"quiz_section qsm-question-wrapper  question-section-id-76 slide7 \">                        <span class='mlw_qmn_question_number'>8<\/span>\n                    \t<div class='mlw_qmn_question ' >\n\t\t<b><\/b><b>Montako norppaa yksi j\u00e4\u00e4karhujen populaatio sy\u00f6 vuodessa?<\/b>\t<\/div>\n\t <div class='qmn_radio_answers mlwRequiredRadio'>  <div class=\"qmn_mc_answer_wrap \" id=\"question76-100\u00a0000 \">  <input type='radio' class='qmn_quiz_radio' name=\"question76\" id=\"question76_1\" value=\"100\u00a0000\" \/>  <label for=\"question76_1\"> 100\u00a0000 <\/label>   <\/div>  <div class=\"qmn_mc_answer_wrap \" id=\"question76-1\u00a0miljoona \">  <input type='radio' class='qmn_quiz_radio' name=\"question76\" id=\"question76_2\" value=\"1\u00a0miljoona\" \/>  <label for=\"question76_2\"> 1\u00a0miljoona <\/label>   <\/div>  <div class=\"qmn_mc_answer_wrap \" id=\"question76-10\u00a0miljoonaa \">  <input type='radio' class='qmn_quiz_radio' name=\"question76\" id=\"question76_3\" value=\"10\u00a0miljoonaa\" \/>  <label for=\"question76_3\"> 10\u00a0miljoonaa <\/label>   <\/div>  <input type=\"radio\" style=\"display: none;\" name=\"question76\" id=\"question76_none\" checked=\"checked\" value=\"\" \/>  <\/div> <\/div><!-- .quiz_section --><div class=\"quiz_section qsm-question-wrapper  question-section-id-77 slide8 \">                        <span class='mlw_qmn_question_number'>9<\/span>\n                    \t<div class='mlw_qmn_question ' >\n\t\t<b><\/b><b>Mik\u00e4 on tunnetuin juoma, jonka \u201cmainoskasvoina\u201d on k\u00e4ytetty j\u00e4\u00e4karhua?<\/b>\t<\/div>\n\t <div class='qmn_radio_answers mlwRequiredRadio'>  <div class=\"qmn_mc_answer_wrap \" id=\"question77-olut \">  <input type='radio' class='qmn_quiz_radio' name=\"question77\" id=\"question77_1\" value=\"olut\" \/>  <label for=\"question77_1\"> olut <\/label>   <\/div>  <div class=\"qmn_mc_answer_wrap \" id=\"question77-vesi \">  <input type='radio' class='qmn_quiz_radio' name=\"question77\" id=\"question77_2\" value=\"vesi\" \/>  <label for=\"question77_2\"> vesi <\/label>   <\/div>  <div class=\"qmn_mc_answer_wrap \" id=\"question77-Coca-Cola \">  <input type='radio' class='qmn_quiz_radio' name=\"question77\" id=\"question77_3\" value=\"Coca-Cola\" \/>  <label for=\"question77_3\"> Coca-Cola <\/label>   <\/div>  <input type=\"radio\" style=\"display: none;\" name=\"question77\" id=\"question77_none\" checked=\"checked\" value=\"\" \/>  <\/div> <\/div><!-- .quiz_section --><div class=\"quiz_section qsm-question-wrapper  question-section-id-78 slide9 \">                        <span class='mlw_qmn_question_number'>10<\/span>\n                    \t<div class='mlw_qmn_question ' >\n\t\t<b><\/b><b>Ketk\u00e4 olivat Tallinnan el\u00e4intarhan ensimm\u00e4iset j\u00e4\u00e4karhut?<\/b>\t<\/div>\n\t <div class='qmn_radio_answers mlwRequiredRadio'>  <div class=\"qmn_mc_answer_wrap \" id=\"question78-Kuubi-ja-Kara \">  <input type='radio' class='qmn_quiz_radio' name=\"question78\" id=\"question78_1\" value=\"Kuubi ja Kara\" \/>  <label for=\"question78_1\"> Kuubi ja Kara <\/label>   <\/div>  <div class=\"qmn_mc_answer_wrap \" id=\"question78-Vaida-ja-Franz \">  <input type='radio' class='qmn_quiz_radio' name=\"question78\" id=\"question78_2\" value=\"Vaida ja Franz\" \/>  <label for=\"question78_2\"> Vaida ja Franz <\/label>   <\/div>  <div class=\"qmn_mc_answer_wrap \" id=\"question78-Nord-ja-Friida \">  <input type='radio' class='qmn_quiz_radio' name=\"question78\" id=\"question78_3\" value=\"Nord ja Friida\" \/>  <label for=\"question78_3\"> Nord ja Friida <\/label>   <\/div>  <input type=\"radio\" style=\"display: none;\" name=\"question78\" id=\"question78_none\" checked=\"checked\" value=\"\" \/>  <\/div> <\/div><!-- .quiz_section --><input type=\"hidden\" name=\"qmn_question_list\" value=\"69Q70Q71Q72Q73Q74Q75Q76Q77Q78Q\" \/><div class=\"qsm-auto-page-row quiz_section quiz_end empty_quiz_end qsm-d-none\" >\n\t\t\t\t<input type=\"submit\" class=\"qsm-btn qsm-submit-btn qmn_btn\" value=\"Tulokset\" \/>\n\t\t\t<\/div>\t\t\t\t<div id=\"mlw_error_message_bottom\" class=\"qsm-error-message qmn_error_message_section\"><\/div>\n\t\t\t\t\t<input type=\"hidden\" name=\"total_questions\" id=\"total_questions\" value=\"10\" \/>\n\t\t\t\t\t<input type=\"hidden\" name=\"timer\" id=\"timer\" value=\"0\" \/>\n\t\t\t\t\t<input type=\"hidden\" name=\"timer_ms\" id=\"timer_ms\" value=\"0\"\/>\n\t\t\t\t\t<input type=\"hidden\" class=\"qmn_quiz_id\" name=\"qmn_quiz_id\" id=\"qmn_quiz_id\" value=\"8\" \/>\n\t\t\t\t\t<input type='hidden' name='complete_quiz' value='confirmation' \/><\/form>\n\t\t<\/div><div style=\"display: none;\" class=\"qsm-popup qsm-popup-slide\" id=\"modal-4\" aria-hidden=\"false\"><div class=\"qsm-popup__overlay\" tabindex=\"-1\" data-micromodal-close=\"\"><div class=\"qsm-popup__container qmn_quiz_container\" role=\"dialog\" aria-modal=\"true\"><div class=\"qsm-popup__content\"><img src=\"https:\/\/polaarium.tallinnzoo.ee\/wp-content\/plugins\/quiz-master-next\/assets\/clock.png\" alt=\"clock.png\"\/><p class=\"qsm-time-up-text\"> Time's up<\/p><\/div><footer class=\"qsm-popup__footer\"><button class=\"qsm-popup-secondary-button qmn_btn\" data-micromodal-close=\"\" aria-label=\"Close this dialog window\" onclick=\"location.reload();\">Cancel<\/button><\/footer><\/div><\/div><\/div>\n","protected":false},"excerpt":{"rendered":"","protected":false},"author":6,"featured_media":0,"parent":0,"menu_order":0,"comment_status":"closed","ping_status":"closed","template":"page6.php","meta":[],"_links":{"self":[{"href":"https:\/\/polaarium.tallinnzoo.ee\/fi\/wp-json\/wp\/v2\/pages\/373"}],"collection":[{"href":"https:\/\/polaarium.tallinnzoo.ee\/fi\/wp-json\/wp\/v2\/pages"}],"about":[{"href":"https:\/\/polaarium.tallinnzoo.ee\/fi\/wp-json\/wp\/v2\/types\/page"}],"author":[{"embeddable":true,"href":"https:\/\/polaarium.tallinnzoo.ee\/fi\/wp-json\/wp\/v2\/users\/6"}],"replies":[{"embeddable":true,"href":"https:\/\/polaarium.tallinnzoo.ee\/fi\/wp-json\/wp\/v2\/comments?post=373"}],"version-history":[{"count":0,"href":"https:\/\/polaarium.tallinnzoo.ee\/fi\/wp-json\/wp\/v2\/pages\/373\/revisions"}],"wp:attachment":[{"href":"https:\/\/polaarium.tallinnzoo.ee\/fi\/wp-json\/wp\/v2\/media?parent=373"}],"curies":[{"name":"wp","href":"https:\/\/api.w.org\/{rel}","templated":true}]}}