{"id":428,"date":"2018-03-20T09:38:29","date_gmt":"2018-03-20T09:38:29","guid":{"rendered":"http:\/\/polaarium.tallinnzoo.ee\/?page_id=428"},"modified":"2018-03-20T14:24:27","modified_gmt":"2018-03-20T14:24:27","slug":"saapuminen","status":"publish","type":"page","link":"https:\/\/polaarium.tallinnzoo.ee\/fi\/saapuminen\/","title":{"rendered":"Saapuminen"},"content":{"rendered":"<h3><img loading=\"lazy\" class=\"size-large wp-image-270 alignleft\" src=\"http:\/\/polaarium.tallinnzoo.ee\/wp-content\/uploads\/2017\/10\/loomaaed-kus-asub-polaarium-723x1024.jpg\" alt=\"loomaaed kus asub polaarium\" width=\"640\" height=\"906\" srcset=\"https:\/\/polaarium.tallinnzoo.ee\/wp-content\/uploads\/2017\/10\/loomaaed-kus-asub-polaarium.jpg 723w, https:\/\/polaarium.tallinnzoo.ee\/wp-content\/uploads\/2017\/10\/loomaaed-kus-asub-polaarium-212x300.jpg 212w\" sizes=\"(max-width: 640px) 100vw, 640px\" \/><\/h3>\n<h3><b>Miss\u00e4 sijaitsee j\u00e4\u00e4karhujen uusi koti Tallinnan el\u00e4intarhassa?<\/b><\/h3>\n<p>Tallinnan el\u00e4intarhan j\u00e4\u00e4karhujen koti sijaitsee el\u00e4intarhan pohjoisen portin v\u00e4lit\u00f6m\u00e4ss\u00e4 l\u00e4heisyydess\u00e4.\u00a0Kun saavut portille, liiku parikymment\u00e4 metri\u00e4 suoraan ja pian oikealla n\u00e4kyy J\u00e4\u00e4karhumaailma.<\/p>\n","protected":false},"excerpt":{"rendered":"<p>Miss\u00e4 sijaitsee j\u00e4\u00e4karhujen uusi koti Tallinnan el\u00e4intarhassa? Tallinnan el\u00e4intarhan j\u00e4\u00e4karhujen koti sijaitsee el\u00e4intarhan pohjoisen portin v\u00e4lit\u00f6m\u00e4ss\u00e4 l\u00e4heisyydess\u00e4.\u00a0Kun saavut portille, liiku parikymment\u00e4 metri\u00e4 suoraan ja pian oikealla n\u00e4kyy J\u00e4\u00e4karhumaailma.<\/p>\n","protected":false},"author":1,"featured_media":0,"parent":0,"menu_order":0,"comment_status":"closed","ping_status":"closed","template":"page6.php","meta":[],"_links":{"self":[{"href":"https:\/\/polaarium.tallinnzoo.ee\/fi\/wp-json\/wp\/v2\/pages\/428"}],"collection":[{"href":"https:\/\/polaarium.tallinnzoo.ee\/fi\/wp-json\/wp\/v2\/pages"}],"about":[{"href":"https:\/\/polaarium.tallinnzoo.ee\/fi\/wp-json\/wp\/v2\/types\/page"}],"author":[{"embeddable":true,"href":"https:\/\/polaarium.tallinnzoo.ee\/fi\/wp-json\/wp\/v2\/users\/1"}],"replies":[{"embeddable":true,"href":"https:\/\/polaarium.tallinnzoo.ee\/fi\/wp-json\/wp\/v2\/comments?post=428"}],"version-history":[{"count":0,"href":"https:\/\/polaarium.tallinnzoo.ee\/fi\/wp-json\/wp\/v2\/pages\/428\/revisions"}],"wp:attachment":[{"href":"https:\/\/polaarium.tallinnzoo.ee\/fi\/wp-json\/wp\/v2\/media?parent=428"}],"curies":[{"name":"wp","href":"https:\/\/api.w.org\/{rel}","templated":true}]}}